
{"id":27337,"date":"2025-10-07T00:42:29","date_gmt":"2025-10-07T00:42:29","guid":{"rendered":"https:\/\/wp.staging.fluzapp.com\/marketplace\/product\/gochujang-tofu-banh-mi\/"},"modified":"2025-12-05T00:35:39","modified_gmt":"2025-12-05T00:35:39","slug":"gochujang-tofu-banh-mi","status":"publish","type":"product","link":"https:\/\/wp.staging.fluzapp.com\/marketplace\/product\/gochujang-tofu-banh-mi\/","title":{"rendered":"Gochujang Tofu B\u00e1nh M\u00ec"},"content":{"rendered":"<div class=\"meal-chef\">\n<h4>Chef<\/h4>\n<p>Lena Elkousy<\/p>\n<\/div>\n<div class=\"meal-nutrition\">\n<h4>Nutritional Information<\/h4>\n<ul>\n<li><strong>Calories:<\/strong> 440 kcal<\/li>\n<li><strong>Serving Size:<\/strong> 341<\/li>\n<li><strong>Carbohydrates:<\/strong> 61g<\/li>\n<li><strong>Protein:<\/strong> 16g<\/li>\n<li><strong>Fat:<\/strong> 16g<\/li>\n<li><strong>Saturated Fat:<\/strong> 2g<\/li>\n<li><strong>Fiber:<\/strong> 6g<\/li>\n<li><strong>Sugar:<\/strong> 10g<\/li>\n<li><strong>Sodium:<\/strong> 880 mg<\/li>\n<\/ul>\n<\/div>\n<div class=\"meal-allergens\">\n<h4>Allergens<\/h4>\n<ul>\n<li>Soybeans<\/li>\n<li>Cereals Containing Gluten<\/li>\n<li>Sesame Seeds<\/li>\n<li>Wheat<\/li>\n<\/ul>\n<\/div>\n<div class=\"meal-ingredients\">\n<h4>Ingredients<\/h4>\n<ul>\n<li>Baguette<\/li>\n<li>Rice Wine Vinegar<\/li>\n<li>Kosher Salt<\/li>\n<li>Ginger<\/li>\n<li>Extra Virgin Olive Oil<\/li>\n<li>Light Soy Sauce<\/li>\n<li>Jalapeno Peppers<\/li>\n<li>Gochujang Sauce<\/li>\n<li>Organic Ginger<\/li>\n<li>Organic Cilantro<\/li>\n<li>Cabbage<\/li>\n<li>Maple Syrup<\/li>\n<li>Black Pepper<\/li>\n<li>Beetroot<\/li>\n<li>Green Onion<\/li>\n<li>Red Onion<\/li>\n<li>Red Cabbage<\/li>\n<li>Coriander<\/li>\n<li>Organic Tofu<\/li>\n<li>Carrots<\/li>\n<li>Sesame Oil<\/li>\n<li>Organic Tahini<\/li>\n<li>Toasted Sesame Seeds<\/li>\n<li>Garlic<\/li>\n<li>Toasted Sesame Oil<\/li>\n<\/ul>\n<\/div>\n","protected":false},"excerpt":{"rendered":"<p>Savor our &#8220;Gochujang Tofu B\u00e1nh M\u00ec&#8221;, featuring with Jalape\u00f1o-Pickled Beets &amp; Sesame Slaw. Created by Chef Lena Elkousy, it boasts an impressive 4.45-star rating and around 440 kcal per serving.. Please note it contains or may contain: Soybeans, Cereals Containing Gluten, Sesame Seeds, Wheat<\/p>\n","protected":false},"featured_media":30432,"template":"","meta":[],"product_brand":[],"product_cat":[19,20],"product_tag":[250,235,237,233,225,236,240,21,251],"class_list":{"0":"post-27337","1":"product","2":"type-product","3":"status-publish","4":"has-post-thumbnail","6":"product_cat-dining","7":"product_cat-meals-dining","8":"product_tag-american","9":"product_tag-contains-gluten","10":"product_tag-healthy","11":"product_tag-less-than-600-calories","12":"product_tag-lunch","13":"product_tag-meal","14":"product_tag-spicy","15":"product_tag-vegan","16":"product_tag-vegetarian","18":"first","19":"instock","20":"sold-individually","21":"taxable","22":"shipping-taxable","23":"purchasable","24":"product-type-simple"},"_links":{"self":[{"href":"https:\/\/wp.staging.fluzapp.com\/marketplace\/wp-json\/wp\/v2\/product\/27337","targetHints":{"allow":["GET"]}}],"collection":[{"href":"https:\/\/wp.staging.fluzapp.com\/marketplace\/wp-json\/wp\/v2\/product"}],"about":[{"href":"https:\/\/wp.staging.fluzapp.com\/marketplace\/wp-json\/wp\/v2\/types\/product"}],"wp:featuredmedia":[{"embeddable":true,"href":"https:\/\/wp.staging.fluzapp.com\/marketplace\/wp-json\/wp\/v2\/media\/30432"}],"wp:attachment":[{"href":"https:\/\/wp.staging.fluzapp.com\/marketplace\/wp-json\/wp\/v2\/media?parent=27337"}],"wp:term":[{"taxonomy":"product_brand","embeddable":true,"href":"https:\/\/wp.staging.fluzapp.com\/marketplace\/wp-json\/wp\/v2\/product_brand?post=27337"},{"taxonomy":"product_cat","embeddable":true,"href":"https:\/\/wp.staging.fluzapp.com\/marketplace\/wp-json\/wp\/v2\/product_cat?post=27337"},{"taxonomy":"product_tag","embeddable":true,"href":"https:\/\/wp.staging.fluzapp.com\/marketplace\/wp-json\/wp\/v2\/product_tag?post=27337"}],"curies":[{"name":"wp","href":"https:\/\/api.w.org\/{rel}","templated":true}]}}